{"id":927,"date":"2022-11-23T15:57:55","date_gmt":"2022-11-23T14:57:55","guid":{"rendered":"https:\/\/www.wuschl.at\/?page_id=927"},"modified":"2022-11-23T15:57:55","modified_gmt":"2022-11-23T14:57:55","slug":"impressum","status":"publish","type":"page","link":"https:\/\/www.wuschl.at\/?page_id=927","title":{"rendered":"Impressum"},"content":{"rendered":"\n<p><strong>Betreiber der Website:<\/strong><\/p>\n\n\n\n<p>Martin Gutenbrunner<br>Reischekstra\u00dfe 10c<br>4240 Freistadt, \u00d6sterreich<br><a href=\"mailto:moucka1976@gmail.com\">E-Mail<\/a><a rel=\"noreferrer noopener\" href=\"mailto:office@trirun.at\" target=\"_blank\"><br><\/a>Martin Gutenbrunner, Tel: 0660-7027718,\u00a0<a href=\"mailto:weinzierl@trirun.at\"><br><\/a>ZVR-Zahl: 496338553<\/p>\n\n\n\n<p>S\u00e4mtliche Inhalte dieser Website sind mit Sorgfalt zusammengetragen. Unabh\u00e4ngig davon sind Fehler nicht vollkommen auszuschlie\u00dfen. Ich weise ausdr\u00fccklich darauf hin, dass alle Angaben ohne Gew\u00e4hr sind und jegliche Haftung durch fehlerhafte, unvollst\u00e4ndige oder veraltete Informationen ausgeschlossen wird. <br>Martin Gutenbrunner \u00fcbernimmt keine Haftung f\u00fcr die Inhalte der von der Website verlinkten Inhalte fremder Websites<\/p>\n\n\n\n<p><strong>Fotos:<br><\/strong>Archiv wuschl.at. Alle Rechte vorbehalten.<\/p>\n\n\n\n<p><strong>Programmierung &amp; Realisierung:<br><\/strong>Martin Gutenbrunner<\/p>\n\n\n\n<p><strong>Webredaktion:<br><\/strong>Martin Gutenbrunner bzw. wie angegeben.<\/p>\n","protected":false},"excerpt":{"rendered":"<p>Betreiber der Website: Martin GutenbrunnerReischekstra\u00dfe 10c4240 Freistadt, \u00d6sterreichE-MailMartin Gutenbrunner, Tel: 0660-7027718,\u00a0ZVR-Zahl: 496338553 S\u00e4mtliche Inhalte dieser Website sind mit Sorgfalt zusammengetragen. Unabh\u00e4ngig davon sind Fehler nicht vollkommen auszuschlie\u00dfen. Ich weise ausdr\u00fccklich darauf hin, dass alle Angaben ohne Gew\u00e4hr sind und jegliche Haftung durch fehlerhafte, unvollst\u00e4ndige oder veraltete Informationen ausgeschlossen wird. Martin Gutenbrunner \u00fcbernimmt keine Haftung f\u00fcr &hellip; <a href=\"https:\/\/www.wuschl.at\/?page_id=927\" class=\"more-link\"><span class=\"screen-reader-text\">Impressum<\/span> weiterlesen<\/a><\/p>\n","protected":false},"author":1,"featured_media":0,"parent":0,"menu_order":0,"comment_status":"closed","ping_status":"closed","template":"","meta":{"footnotes":""},"class_list":["post-927","page","type-page","status-publish","hentry"],"_links":{"self":[{"href":"https:\/\/www.wuschl.at\/index.php?rest_route=\/wp\/v2\/pages\/927","targetHints":{"allow":["GET"]}}],"collection":[{"href":"https:\/\/www.wuschl.at\/index.php?rest_route=\/wp\/v2\/pages"}],"about":[{"href":"https:\/\/www.wuschl.at\/index.php?rest_route=\/wp\/v2\/types\/page"}],"author":[{"embeddable":true,"href":"https:\/\/www.wuschl.at\/index.php?rest_route=\/wp\/v2\/users\/1"}],"replies":[{"embeddable":true,"href":"https:\/\/www.wuschl.at\/index.php?rest_route=%2Fwp%2Fv2%2Fcomments&post=927"}],"version-history":[{"count":1,"href":"https:\/\/www.wuschl.at\/index.php?rest_route=\/wp\/v2\/pages\/927\/revisions"}],"predecessor-version":[{"id":928,"href":"https:\/\/www.wuschl.at\/index.php?rest_route=\/wp\/v2\/pages\/927\/revisions\/928"}],"wp:attachment":[{"href":"https:\/\/www.wuschl.at\/index.php?rest_route=%2Fwp%2Fv2%2Fmedia&parent=927"}],"curies":[{"name":"wp","href":"https:\/\/api.w.org\/{rel}","templated":true}]}}