{"id":862,"date":"2012-01-14T19:37:00","date_gmt":"2012-01-14T18:37:00","guid":{"rendered":""},"modified":"2022-11-23T22:04:17","modified_gmt":"2022-11-23T21:04:17","slug":"sponsoren-antrag","status":"publish","type":"page","link":"https:\/\/www.wuschl.at\/?page_id=862","title":{"rendered":"Sponsoren Antrag"},"content":{"rendered":"<hr \/>\n<h1><span style=\"color: #00ff00;\"><a style=\"color: #00ff00;\" href=\"http:\/\/www.wuschl.at\/linkseite\/sponsorantrag.doc\" target=\"_blank\" rel=\"noopener\">Sponsoren<span lang=\"de-at\">antrag!<\/span><\/a><\/span><\/h1>\n<p><span style=\"color: #00ff00;\">\u00a0<b><u>Warum in den Amateursport investieren?<\/u><\/b><\/span><\/p>\n<div style=\"color: orange;\">\n<p><span style=\"color: #00ff00;\">Ich bin kein Weltklasseathlet<span lang=\"de-at\">, dennoch im Leistungskader der Polizei! <\/span><\/span><\/p>\n<\/div>\n<div style=\"color: orange;\"><span style=\"color: #00ff00;\"><span lang=\"de-at\">Jed<\/span>och betreibe ich mein Hobby &#8211; den Triathlon &#8211; auf professioneller Basis<span lang=\"de-at\"> und kann mich Europaweit mit den Top 20 der Polizei messen.<\/span><\/span><br \/>\n<span style=\"color: #00ff00;\">Dies erfordert neben Zeit, Flei\u00df, Disziplin und hartem Training auch relativ viel Geld f\u00fcr Material, sportmed. Untersuchungen, Startgelder und Trainingsbegleitende Ma\u00dfnahmen.<\/span><\/p>\n<p><span style=\"color: #00ff00;\"><u>Mit Ihrer Hilfe m\u00f6chte ich diese Kosten so weit wie m\u00f6glich minimieren.<\/u><\/span><\/p>\n<\/div>\n<h2 style=\"color: orange;\"><span style=\"color: #00ff00;\"><b><u>Was kann ich Ihnen bieten?<\/u><\/b><\/span><\/h2>\n<div style=\"color: orange;\">\n<p><span style=\"color: #00ff00;\">Ich kann f\u00fcr Sie als &#8222;mobile Werbefl\u00e4che&#8220; fungieren und speziell in meinem Trainings- und Wettkampfgebiet f\u00fcr Sie werben.<\/span><br \/>\n<span style=\"color: #00ff00;\">Das Trainingssgebiet umfasst den Zentralraum Ober\u00f6sterreichs <span lang=\"de-at\">in der Umgebung von Linz sowie <\/span>das M\u00fchlviertel. <span lang=\"de-at\">\u00a0Weiters kann ich meine Homepage als Werbetr\u00e4ger anbieten. <\/span><\/span><\/p>\n<\/div>\n<h2 style=\"color: orange;\"><span style=\"color: #00ff00;\"><u><b>Ein Herzlichen Dank an meine Sponsoren<span lang=\"de-at\">!<\/span><\/b><\/u><\/span><\/h2>\n<div style=\"color: orange;\"><span style=\"color: #00ff00;\"><a style=\"color: #00ff00;\" href=\"http:\/\/www.blogger.com\/goog_627428879\">\u00a0<\/a><\/span><\/div>\n<div style=\"color: orange;\"><a href=\"https:\/\/www.wuschl.at\/?page_id=847\"><span lang=\"de-at\" style=\"color: #00ff00;\"><span style=\"font-size: medium;\">Vorhandene Sponsoren<\/span><\/span><\/a><\/div>\n<div align=\"left\"><\/div>\n<div align=\"left\"><span lang=\"de-at\"><span style=\"color: white; font-size: medium;\"><span style=\"color: #00ff00;\">\u00a0\u00a0\u00a0\u00a0\u00a0\u00a0\u00a0\u00a0\u00a0\u00a0\u00a0\u00a0\u00a0\u00a0\u00a0\u00a0\u00a0\u00a0\u00a0\u00a0\u00a0\u00a0\u00a0\u00a0\u00a0\u00a0\u00a0\u00a0<\/span> <\/span><\/span><\/div>\n","protected":false},"excerpt":{"rendered":"<p>Sponsorenantrag! \u00a0Warum in den Amateursport investieren? Ich bin kein Weltklasseathlet, dennoch im Leistungskader der Polizei! Jedoch betreibe ich mein Hobby &#8211; den Triathlon &#8211; auf professioneller Basis und kann mich Europaweit mit den Top 20 der Polizei messen. Dies erfordert neben Zeit, Flei\u00df, Disziplin und hartem Training auch relativ viel Geld f\u00fcr Material, sportmed. Untersuchungen, &hellip; <a href=\"https:\/\/www.wuschl.at\/?page_id=862\" class=\"more-link\"><span class=\"screen-reader-text\">Sponsoren Antrag<\/span> weiterlesen<\/a><\/p>\n","protected":false},"author":2,"featured_media":0,"parent":0,"menu_order":0,"comment_status":"closed","ping_status":"closed","template":"","meta":{"footnotes":""},"class_list":["post-862","page","type-page","status-publish","hentry"],"_links":{"self":[{"href":"https:\/\/www.wuschl.at\/index.php?rest_route=\/wp\/v2\/pages\/862","targetHints":{"allow":["GET"]}}],"collection":[{"href":"https:\/\/www.wuschl.at\/index.php?rest_route=\/wp\/v2\/pages"}],"about":[{"href":"https:\/\/www.wuschl.at\/index.php?rest_route=\/wp\/v2\/types\/page"}],"author":[{"embeddable":true,"href":"https:\/\/www.wuschl.at\/index.php?rest_route=\/wp\/v2\/users\/2"}],"replies":[{"embeddable":true,"href":"https:\/\/www.wuschl.at\/index.php?rest_route=%2Fwp%2Fv2%2Fcomments&post=862"}],"version-history":[{"count":1,"href":"https:\/\/www.wuschl.at\/index.php?rest_route=\/wp\/v2\/pages\/862\/revisions"}],"predecessor-version":[{"id":968,"href":"https:\/\/www.wuschl.at\/index.php?rest_route=\/wp\/v2\/pages\/862\/revisions\/968"}],"wp:attachment":[{"href":"https:\/\/www.wuschl.at\/index.php?rest_route=%2Fwp%2Fv2%2Fmedia&parent=862"}],"curies":[{"name":"wp","href":"https:\/\/api.w.org\/{rel}","templated":true}]}}