{"id":853,"date":"2019-10-23T12:40:00","date_gmt":"2019-10-23T10:40:00","guid":{"rendered":""},"modified":"2022-11-22T12:05:43","modified_gmt":"2022-11-22T11:05:43","slug":"coaching","status":"publish","type":"page","link":"https:\/\/www.wuschl.at\/?page_id=853","title":{"rendered":"Coaching"},"content":{"rendered":"<div class=\"page-header\">\n<p>Trainingswuschl!<\/p>\n<\/div>\n<p><span style=\"font-size: medium;\"><b>m\u00f6chte dich recht herzlich begr\u00fc\u00dfen!<\/b><\/span><\/p>\n<div class=\"separator\" style=\"clear: both; text-align: center;\"><span style=\"font-size: medium;\"><b><a style=\"clear: right; float: right; margin-bottom: 1em; margin-left: 1em;\" href=\"https:\/\/2.bp.blogspot.com\/-IhMcBjHExV4\/V9_LbMSAsiI\/AAAAAAAAPRs\/Np4IdnP9LJ0TydfaZDU1tO5JWUssQTAngCLcB\/s1600\/schwimm1.jpg\"><img loading=\"lazy\" decoding=\"async\" class=\"wp-image-854\" src=\"https:\/\/www.wuschl.at\/wp-content\/uploads\/schwimm1-1.jpg\" width=\"320\" height=\"209\" border=\"0\" \/><\/a><\/b><\/span><\/div>\n<div><b><\/b><span style=\"font-size: 10pt;\">Auf dieser Seiten kannst du dich \u00fcber deine pers\u00f6nliche Betreuung informieren. <\/span><\/div>\n<div><span style=\"font-size: 10pt;\">Ich w\u00fcrde mich freuen dich als neuen Traningssch\u00fctzling begr\u00fc\u00dfen zu d\u00fcrfen.<\/span><\/div>\n<div style=\"text-align: justify;\">\n<h2><span style=\"font-size: 10pt;\">Trainingspl\u00e4ne &#8211; wozu?<\/span><\/h2>\n<p>D<span style=\"font-size: 10pt;\">a ich aus eigener Erfahrung wei\u00df, dass nicht jeder trainieren kann wie ein Profi. <\/span><br \/>\n<span style=\"font-size: 10pt;\">Wei\u00df ich auch wie wichtig ein gutes Zeitmanagement ist.<\/span><br \/>\n<span style=\"font-size: 10pt;\"> Weil einfach neben Beruf und Familie nicht soviel Zeit bleibt,\u00a0<\/span><span style=\"font-size: 10pt;\">sollte man\u00a0so wenige leere Km machen wie m\u00f6glich.<\/span><br \/>\n<span style=\"font-size: 10pt;\"> Mein Moto als staatlich\u00a0gepr\u00fcfter Triathlon Lehrwart\u00a0lautet daher oftmals &#8211; &#8222;<b>weniger ist mehr<\/b>!! &#8220; aber mit\u00a0der bestm\u00f6glichen Qualit\u00e4t!<\/span><\/p>\n<\/div>\n<div style=\"text-align: justify;\">\n<h3><span style=\"font-size: medium;\">Wie erh<span style=\"font-size: medium;\">\u00e4lts<span style=\"font-size: medium;\">t du die <\/span><\/span>Pl\u00e4ne?<\/span><\/h3>\n<p><span style=\"font-size: 10pt;\">Nachdem\u00a0ich mit dir ein ausf\u00fchrliches<br \/>\nGespr\u00e4ch \u00fcber deine Trainingsvergangenheit bzw. \u00fcber deine\u00a0 Ziele<br \/>\ngef\u00fchrt habe, erstelle\u00a0ich dir einen w\u00f6chentlichen Trainingsplan, der<br \/>\nauf dich abgestimmt ist.<\/span><br \/>\n<span style=\"font-size: 10pt;\">Die Pl\u00e4ne werden von mir Online\u00a0 bei <a href=\"http:\/\/perfectpace.com\/\" target=\"_blank\" rel=\"noopener\">PerfectPace.com<\/a><br \/>\nerstellt damit du auch jederzeit Zugriff auf deine Pl\u00e4ne\u00a0 hast, bzw<br \/>\njederzeit dein Training dokumentieren kannst.\u00a0 <\/span><\/p>\n<p><span style=\"font-size: 10pt;\"> Durch deine sorgf\u00e4ltige Dokumentation im Tagebuch wird eine effektive\u00a0Planung f\u00fcr mich erst m\u00f6glich.<\/span><\/p>\n<\/div>\n<div style=\"text-align: justify;\"><\/div>\n<h3 class=\"post-title entry-title\"><span style=\"font-size: small;\">Leistungs\u00fcbersicht:<\/span><\/h3>\n<h3 class=\"post-title entry-title\"><span style=\"color: #ffffff; font-size: 10pt; font-weight: normal;\">Trainingsbetreuung aller Leistungslevels in den einzelnen Disziplinen wie Schwimmen, Rad fahren, Laufen und Langlaufen!<\/span><\/h3>\n<h3 class=\"post-title entry-title\"><span style=\"color: #ffffff; font-size: 10pt; font-weight: normal;\">Einf\u00fchrung und Begleitung bis zu deinem ersten Triathlon oder angestrebten Wettkampf!<\/span><\/h3>\n<h3 class=\"post-title entry-title\"><span style=\"color: #ffffff; font-size: 10pt; font-weight: normal;\">Gemeinsame Periodisierung deines Trainingsjahres und Erstellen von Saisonhighlights!<\/span><\/h3>\n<h3 class=\"post-title entry-title\"><span style=\"color: #ffffff; font-size: 10pt; font-weight: normal;\">Vermittlung zu Leistungsmessungen!<\/span><\/h3>\n","protected":false},"excerpt":{"rendered":"<p>Trainingswuschl! m\u00f6chte dich recht herzlich begr\u00fc\u00dfen! Auf dieser Seiten kannst du dich \u00fcber deine pers\u00f6nliche Betreuung informieren. Ich w\u00fcrde mich freuen dich als neuen Traningssch\u00fctzling begr\u00fc\u00dfen zu d\u00fcrfen. Trainingspl\u00e4ne &#8211; wozu? Da ich aus eigener Erfahrung wei\u00df, dass nicht jeder trainieren kann wie ein Profi. Wei\u00df ich auch wie wichtig ein gutes Zeitmanagement ist. Weil &hellip; <a href=\"https:\/\/www.wuschl.at\/?page_id=853\" class=\"more-link\"><span class=\"screen-reader-text\">Coaching<\/span> weiterlesen<\/a><\/p>\n","protected":false},"author":2,"featured_media":0,"parent":0,"menu_order":0,"comment_status":"closed","ping_status":"closed","template":"","meta":{"footnotes":""},"class_list":["post-853","page","type-page","status-publish","hentry"],"_links":{"self":[{"href":"https:\/\/www.wuschl.at\/index.php?rest_route=\/wp\/v2\/pages\/853","targetHints":{"allow":["GET"]}}],"collection":[{"href":"https:\/\/www.wuschl.at\/index.php?rest_route=\/wp\/v2\/pages"}],"about":[{"href":"https:\/\/www.wuschl.at\/index.php?rest_route=\/wp\/v2\/types\/page"}],"author":[{"embeddable":true,"href":"https:\/\/www.wuschl.at\/index.php?rest_route=\/wp\/v2\/users\/2"}],"replies":[{"embeddable":true,"href":"https:\/\/www.wuschl.at\/index.php?rest_route=%2Fwp%2Fv2%2Fcomments&post=853"}],"version-history":[{"count":3,"href":"https:\/\/www.wuschl.at\/index.php?rest_route=\/wp\/v2\/pages\/853\/revisions"}],"predecessor-version":[{"id":919,"href":"https:\/\/www.wuschl.at\/index.php?rest_route=\/wp\/v2\/pages\/853\/revisions\/919"}],"wp:attachment":[{"href":"https:\/\/www.wuschl.at\/index.php?rest_route=%2Fwp%2Fv2%2Fmedia&parent=853"}],"curies":[{"name":"wp","href":"https:\/\/api.w.org\/{rel}","templated":true}]}}